{"id":1538,"date":"2024-02-14T02:04:41","date_gmt":"2024-02-14T02:04:41","guid":{"rendered":"https:\/\/maisondefrance.de\/?page_id=1538"},"modified":"2025-04-07T21:45:25","modified_gmt":"2025-04-07T21:45:25","slug":"geschichte-des-hauses","status":"publish","type":"page","link":"https:\/\/maisondefrance.de\/fr\/geschichte-des-hauses\/","title":{"rendered":"Histoire de la Maison"},"content":{"rendered":"<div data-elementor-type=\"wp-page\" data-elementor-id=\"1538\" class=\"elementor elementor-1538\" data-elementor-post-type=\"page\">\n\t\t\t\t<div class=\"elementor-element elementor-element-edbc352 e-flex e-con-boxed e-con e-parent\" data-id=\"edbc352\" data-element_type=\"container\" data-settings=\"{&quot;background_background&quot;:&quot;classic&quot;}\">\n\t\t\t\t\t<div class=\"e-con-inner\">\n\t\t\t\t\t<\/div>\n\t\t\t\t<\/div>\n\t\t<div class=\"elementor-element elementor-element-72493ea e-flex e-con-boxed e-con e-parent\" data-id=\"72493ea\" data-element_type=\"container\">\n\t\t\t\t\t<div class=\"e-con-inner\">\n\t\t\t\t<div class=\"elementor-element elementor-element-15243a1 elementor-widget elementor-widget-heading\" data-id=\"15243a1\" data-element_type=\"widget\" data-widget_type=\"heading.default\">\n\t\t\t\t<div class=\"elementor-widget-container\">\n\t\t\t\t\t<h2 class=\"elementor-heading-title elementor-size-default\">Histoire de la Maison<\/h2>\t\t\t\t<\/div>\n\t\t\t\t<\/div>\n\t\t\t\t\t<\/div>\n\t\t\t\t<\/div>\n\t\t<div class=\"elementor-element elementor-element-5a0907b e-flex e-con-boxed e-con e-parent\" data-id=\"5a0907b\" data-element_type=\"container\">\n\t\t\t\t\t<div class=\"e-con-inner\">\n\t\t\t\t<div class=\"elementor-element elementor-element-8a8c73f elementor-widget elementor-widget-text-editor\" data-id=\"8a8c73f\" data-element_type=\"widget\" data-widget_type=\"text-editor.default\">\n\t\t\t\t<div class=\"elementor-widget-container\">\n\t\t\t\t\t\t\t\t\t<p><strong>Depuis 75 ans, la Maison de France rayonne sur le Ku'damm<\/strong><\/p><p>Ouverte autrefois comme Centre culturel fran\u00e7ais, elle a connue au cours de sa longue histoire des hauts et des bas ainsi que des r\u00e9surrections. Aujourd'hui, c'est un lieu de rencontre, d'\u00e9change, de compr\u00e9hension et surtout d'amiti\u00e9 franco-allemande. V\u00e9ritable phare entre les deux nations, la Maison de France offre \u00e0 tous les Berlinois un foyer culturel qui brille aujourd'hui plus fort que jamais.<\/p>\t\t\t\t\t\t\t\t<\/div>\n\t\t\t\t<\/div>\n\t\t\t\t\t<\/div>\n\t\t\t\t<\/div>\n\t\t<div class=\"elementor-element elementor-element-2b31ca7 e-flex e-con-boxed e-con e-parent\" data-id=\"2b31ca7\" data-element_type=\"container\">\n\t\t\t\t\t<div class=\"e-con-inner\">\n\t\t\t\t<div class=\"elementor-element elementor-element-59fdd57 elementor-widget elementor-widget-image\" data-id=\"59fdd57\" data-element_type=\"widget\" data-widget_type=\"image.default\">\n\t\t\t\t<div class=\"elementor-widget-container\">\n\t\t\t\t\t\t\t\t\t\t\t\t\t\t\t<img fetchpriority=\"high\" decoding=\"async\" width=\"600\" height=\"502\" src=\"https:\/\/maisondefrance.de\/wp-content\/uploads\/2025\/04\/75ans_LOGO_FINAL_02_NEU.png\" class=\"attachment-large size-large wp-image-2146\" alt=\"\" srcset=\"https:\/\/maisondefrance.de\/wp-content\/uploads\/2025\/04\/75ans_LOGO_FINAL_02_NEU.png 600w, https:\/\/maisondefrance.de\/wp-content\/uploads\/2025\/04\/75ans_LOGO_FINAL_02_NEU-300x251.png 300w, https:\/\/maisondefrance.de\/wp-content\/uploads\/2025\/04\/75ans_LOGO_FINAL_02_NEU-14x12.png 14w\" sizes=\"(max-width: 600px) 100vw, 600px\" \/>\t\t\t\t\t\t\t\t\t\t\t\t\t\t\t<\/div>\n\t\t\t\t<\/div>\n\t\t\t\t\t<\/div>\n\t\t\t\t<\/div>\n\t\t<div class=\"elementor-element elementor-element-28f2c00 e-flex e-con-boxed e-con e-parent\" data-id=\"28f2c00\" data-element_type=\"container\">\n\t\t\t\t\t<div class=\"e-con-inner\">\n\t\t<div class=\"elementor-element elementor-element-8936f73 e-flex e-con-boxed e-con e-child\" data-id=\"8936f73\" data-element_type=\"container\">\n\t\t\t\t\t<div class=\"e-con-inner\">\n\t\t\t\t<div class=\"elementor-element elementor-element-48780e6 elementor-widget elementor-widget-image\" data-id=\"48780e6\" data-element_type=\"widget\" data-widget_type=\"image.default\">\n\t\t\t\t<div class=\"elementor-widget-container\">\n\t\t\t\t\t\t\t\t\t\t\t\t\t\t\t<img decoding=\"async\" width=\"708\" height=\"1024\" src=\"https:\/\/maisondefrance.de\/wp-content\/uploads\/2024\/02\/Historique-708x1024-1.png\" class=\"attachment-large size-large wp-image-1540\" alt=\"Maison de France\" srcset=\"https:\/\/maisondefrance.de\/wp-content\/uploads\/2024\/02\/Historique-708x1024-1.png 708w, https:\/\/maisondefrance.de\/wp-content\/uploads\/2024\/02\/Historique-708x1024-1-207x300.png 207w\" sizes=\"(max-width: 708px) 100vw, 708px\" \/>\t\t\t\t\t\t\t\t\t\t\t\t\t\t\t<\/div>\n\t\t\t\t<\/div>\n\t\t\t\t\t<\/div>\n\t\t\t\t<\/div>\n\t\t<div class=\"elementor-element elementor-element-f34dc2d e-flex e-con-boxed e-con e-child\" data-id=\"f34dc2d\" data-element_type=\"container\">\n\t\t\t\t\t<div class=\"e-con-inner\">\n\t\t\t\t<div class=\"elementor-element elementor-element-b184a62 elementor-widget elementor-widget-video\" data-id=\"b184a62\" data-element_type=\"widget\" data-settings=\"{&quot;youtube_url&quot;:&quot;https:\\\/\\\/www.youtube.com\\\/watch?v=2hKoXCTfzG8&amp;ab_channel=InstitutFrancais&quot;,&quot;video_type&quot;:&quot;youtube&quot;,&quot;controls&quot;:&quot;yes&quot;}\" data-widget_type=\"video.default\">\n\t\t\t\t<div class=\"elementor-widget-container\">\n\t\t\t\t\t\t\t<div class=\"elementor-wrapper elementor-open-inline\">\n\t\t\t<div class=\"elementor-video\"><\/div>\t\t<\/div>\n\t\t\t\t\t\t<\/div>\n\t\t\t\t<\/div>\n\t\t\t\t<div class=\"elementor-element elementor-element-83e1d17 elementor-widget elementor-widget-video\" data-id=\"83e1d17\" data-element_type=\"widget\" data-settings=\"{&quot;video_type&quot;:&quot;vimeo&quot;}\" data-widget_type=\"video.default\">\n\t\t\t\t<div class=\"elementor-widget-container\">\n\t\t\t\t\t\t\t<div class=\"elementor-wrapper elementor-open-inline\">\n\t\t\t<iframe class=\"elementor-video-iframe\" allowfullscreen allow=\"clipboard-write\" title=\"Lecteur vid\u00e9o vimeo\" src=\"https:\/\/player.vimeo.com\/video\/400593153?color&amp;autopause=0&amp;loop=0&amp;muted=0&amp;title=1&amp;portrait=1&amp;byline=1#t=\" data-no-translation-title=\"\"><\/iframe>\t\t<\/div>\n\t\t\t\t\t\t<\/div>\n\t\t\t\t<\/div>\n\t\t\t\t\t<\/div>\n\t\t\t\t<\/div>\n\t\t\t\t\t<\/div>\n\t\t\t\t<\/div>\n\t\t<div class=\"elementor-element elementor-element-b6bb8fb e-flex e-con-boxed e-con e-parent\" data-id=\"b6bb8fb\" data-element_type=\"container\">\n\t\t\t\t\t<div class=\"e-con-inner\">\n\t\t\t\t<div class=\"elementor-element elementor-element-fc0889e elementor-widget elementor-widget-image\" data-id=\"fc0889e\" data-element_type=\"widget\" data-widget_type=\"image.default\">\n\t\t\t\t<div class=\"elementor-widget-container\">\n\t\t\t\t\t\t\t\t\t\t\t\t\t\t\t<img decoding=\"async\" width=\"1024\" height=\"683\" src=\"https:\/\/maisondefrance.de\/wp-content\/uploads\/2025\/03\/L1140945-Bearbeitet-Bearbeitet-Bearbeitet-1024x683.jpg\" class=\"attachment-large size-large wp-image-2128\" alt=\"Foto von Uwe Wanderer\" srcset=\"https:\/\/maisondefrance.de\/wp-content\/uploads\/2025\/03\/L1140945-Bearbeitet-Bearbeitet-Bearbeitet-1024x683.jpg 1024w, https:\/\/maisondefrance.de\/wp-content\/uploads\/2025\/03\/L1140945-Bearbeitet-Bearbeitet-Bearbeitet-300x200.jpg 300w, https:\/\/maisondefrance.de\/wp-content\/uploads\/2025\/03\/L1140945-Bearbeitet-Bearbeitet-Bearbeitet-768x512.jpg 768w, https:\/\/maisondefrance.de\/wp-content\/uploads\/2025\/03\/L1140945-Bearbeitet-Bearbeitet-Bearbeitet-1536x1025.jpg 1536w, https:\/\/maisondefrance.de\/wp-content\/uploads\/2025\/03\/L1140945-Bearbeitet-Bearbeitet-Bearbeitet-2048x1367.jpg 2048w, https:\/\/maisondefrance.de\/wp-content\/uploads\/2025\/03\/L1140945-Bearbeitet-Bearbeitet-Bearbeitet-18x12.jpg 18w\" sizes=\"(max-width: 1024px) 100vw, 1024px\" \/>\t\t\t\t\t\t\t\t\t\t\t\t\t\t\t<\/div>\n\t\t\t\t<\/div>\n\t\t\t\t\t<\/div>\n\t\t\t\t<\/div>\n\t\t<div class=\"elementor-element elementor-element-5d8ef3f e-flex e-con-boxed e-con e-parent\" data-id=\"5d8ef3f\" data-element_type=\"container\">\n\t\t\t\t\t<div class=\"e-con-inner\">\n\t\t\t\t<div class=\"elementor-element elementor-element-2b24976 elementor-widget elementor-widget-heading\" data-id=\"2b24976\" data-element_type=\"widget\" data-widget_type=\"heading.default\">\n\t\t\t\t<div class=\"elementor-widget-container\">\n\t\t\t\t\t<h6 class=\"elementor-heading-title elementor-size-default\">Foto \u00a9 Uwe WaNDERER - uwewanderer@gmail.com<\/h6>\t\t\t\t<\/div>\n\t\t\t\t<\/div>\n\t\t\t\t\t<\/div>\n\t\t\t\t<\/div>\n\t\t\t\t<\/div>","protected":false},"excerpt":{"rendered":"<p>Geschichte des Hauses Seit 75 Jahren erstrahlt das Maison de France auf dem Ku\u2019damm Einst als franz\u00f6sisches Kulturzentrum er\u00f6ffnet, hat es in seiner langen Historie viele H\u00f6hen, Tiefen sowie Wiederauferstehungen erlebt. Heute ist es ein Ort der Begegnung, des Austauschs, der Verst\u00e4ndigung und vor allem der deutsch-franz\u00f6sischen Freundschaft. Als standhafter Leuchtturm zwischen den beiden Nationen [&hellip;]<\/p>","protected":false},"author":1,"featured_media":0,"parent":0,"menu_order":0,"comment_status":"closed","ping_status":"closed","template":"","meta":{"site-sidebar-layout":"no-sidebar","site-content-layout":"page-builder","ast-site-content-layout":"full-width-container","site-content-style":"default","site-sidebar-style":"default","ast-global-header-display":"","ast-banner-title-visibility":"","ast-main-header-display":"","ast-hfb-above-header-display":"","ast-hfb-below-header-display":"","ast-hfb-mobile-header-display":"","site-post-title":"disabled","ast-breadcrumbs-content":"","ast-featured-img":"disabled","footer-sml-layout":"","ast-disable-related-posts":"","theme-transparent-header-meta":"","adv-header-id-meta":"","stick-header-meta":"","header-above-stick-meta":"","header-main-stick-meta":"","header-below-stick-meta":"","astra-migrate-meta-layouts":"set","ast-page-background-enabled":"default","ast-page-background-meta":{"desktop":{"background-color":"var(--ast-global-color-4)","background-image":"","background-repeat":"repeat","background-position":"center center","background-size":"auto","background-attachment":"scroll","background-type":"","background-media":"","overlay-type":"","overlay-color":"","overlay-opacity":"","overlay-gradient":""},"tablet":{"background-color":"","background-image":"","background-repeat":"repeat","background-position":"center center","background-size":"auto","background-attachment":"scroll","background-type":"","background-media":"","overlay-type":"","overlay-color":"","overlay-opacity":"","overlay-gradient":""},"mobile":{"background-color":"","background-image":"","background-repeat":"repeat","background-position":"center center","background-size":"auto","background-attachment":"scroll","background-type":"","background-media":"","overlay-type":"","overlay-color":"","overlay-opacity":"","overlay-gradient":""}},"ast-content-background-meta":{"desktop":{"background-color":"var(--ast-global-color-5)","background-image":"","background-repeat":"repeat","background-position":"center center","background-size":"auto","background-attachment":"scroll","background-type":"","background-media":"","overlay-type":"","overlay-color":"","overlay-opacity":"","overlay-gradient":""},"tablet":{"background-color":"var(--ast-global-color-5)","background-image":"","background-repeat":"repeat","background-position":"center center","background-size":"auto","background-attachment":"scroll","background-type":"","background-media":"","overlay-type":"","overlay-color":"","overlay-opacity":"","overlay-gradient":""},"mobile":{"background-color":"var(--ast-global-color-5)","background-image":"","background-repeat":"repeat","background-position":"center center","background-size":"auto","background-attachment":"scroll","background-type":"","background-media":"","overlay-type":"","overlay-color":"","overlay-opacity":"","overlay-gradient":""}},"footnotes":""},"class_list":["post-1538","page","type-page","status-publish","hentry"],"yoast_head":"<!-- This site is optimized with the Yoast SEO plugin v27.0 - https:\/\/yoast.com\/product\/yoast-seo-wordpress\/ -->\n<title>Geschichte des Hauses - Freundeskreis des MAISON DE FRANCE e.V.<\/title>\n<meta name=\"description\" content=\"Seit 70 Jahren erstrahlt das Maison de France auf dem Ku\u2019damm.\" \/>\n<meta name=\"robots\" content=\"index, follow, max-snippet:-1, max-image-preview:large, max-video-preview:-1\" \/>\n<link rel=\"canonical\" href=\"https:\/\/maisondefrance.de\/fr\/geschichte-des-hauses\/\" \/>\n<meta property=\"og:locale\" content=\"fr_FR\" \/>\n<meta property=\"og:type\" content=\"article\" \/>\n<meta property=\"og:title\" content=\"Geschichte des Hauses - Freundeskreis des MAISON DE FRANCE e.V.\" \/>\n<meta property=\"og:description\" content=\"Seit 70 Jahren erstrahlt das Maison de France auf dem Ku\u2019damm.\" \/>\n<meta property=\"og:url\" content=\"https:\/\/maisondefrance.de\/fr\/geschichte-des-hauses\/\" \/>\n<meta property=\"og:site_name\" content=\"Freundeskreis des MAISON DE FRANCE e.V.\" \/>\n<meta property=\"article:modified_time\" content=\"2025-04-07T21:45:25+00:00\" \/>\n<meta property=\"og:image\" content=\"https:\/\/maisondefrance.de\/wp-content\/uploads\/2025\/04\/75ans_LOGO_FINAL_02_NEU.png\" \/>\n\t<meta property=\"og:image:width\" content=\"600\" \/>\n\t<meta property=\"og:image:height\" content=\"502\" \/>\n\t<meta property=\"og:image:type\" content=\"image\/png\" \/>\n<meta name=\"twitter:card\" content=\"summary_large_image\" \/>\n<meta name=\"twitter:label1\" content=\"Dur\u00e9e de lecture estim\u00e9e\" \/>\n\t<meta name=\"twitter:data1\" content=\"2 minutes\" \/>\n<script type=\"application\/ld+json\" class=\"yoast-schema-graph\">{\"@context\":\"https:\/\/schema.org\",\"@graph\":[{\"@type\":\"WebPage\",\"@id\":\"https:\/\/maisondefrance.de\/geschichte-des-hauses\/\",\"url\":\"https:\/\/maisondefrance.de\/geschichte-des-hauses\/\",\"name\":\"Geschichte des Hauses - Freundeskreis des MAISON DE FRANCE e.V.\",\"isPartOf\":{\"@id\":\"https:\/\/maisondefrance.de\/#website\"},\"primaryImageOfPage\":{\"@id\":\"https:\/\/maisondefrance.de\/geschichte-des-hauses\/#primaryimage\"},\"image\":{\"@id\":\"https:\/\/maisondefrance.de\/geschichte-des-hauses\/#primaryimage\"},\"thumbnailUrl\":\"https:\/\/maisondefrance.de\/wp-content\/uploads\/2025\/04\/75ans_LOGO_FINAL_02_NEU.png\",\"datePublished\":\"2024-02-14T02:04:41+00:00\",\"dateModified\":\"2025-04-07T21:45:25+00:00\",\"description\":\"Seit 70 Jahren erstrahlt das Maison de France auf dem Ku\u2019damm.\",\"breadcrumb\":{\"@id\":\"https:\/\/maisondefrance.de\/geschichte-des-hauses\/#breadcrumb\"},\"inLanguage\":\"fr-FR\",\"potentialAction\":[{\"@type\":\"ReadAction\",\"target\":[\"https:\/\/maisondefrance.de\/geschichte-des-hauses\/\"]}]},{\"@type\":\"ImageObject\",\"inLanguage\":\"fr-FR\",\"@id\":\"https:\/\/maisondefrance.de\/geschichte-des-hauses\/#primaryimage\",\"url\":\"https:\/\/maisondefrance.de\/wp-content\/uploads\/2025\/04\/75ans_LOGO_FINAL_02_NEU.png\",\"contentUrl\":\"https:\/\/maisondefrance.de\/wp-content\/uploads\/2025\/04\/75ans_LOGO_FINAL_02_NEU.png\"},{\"@type\":\"BreadcrumbList\",\"@id\":\"https:\/\/maisondefrance.de\/geschichte-des-hauses\/#breadcrumb\",\"itemListElement\":[{\"@type\":\"ListItem\",\"position\":1,\"name\":\"Startseite\",\"item\":\"https:\/\/maisondefrance.de\/\"},{\"@type\":\"ListItem\",\"position\":2,\"name\":\"Geschichte des Hauses\"}]},{\"@type\":\"WebSite\",\"@id\":\"https:\/\/maisondefrance.de\/#website\",\"url\":\"https:\/\/maisondefrance.de\/\",\"name\":\"Freundeskreis des MAISON DE FRANCE e.V.\",\"description\":\"Deutsch-Franz\u00f6sischer Kulturverein\",\"publisher\":{\"@id\":\"https:\/\/maisondefrance.de\/#organization\"},\"potentialAction\":[{\"@type\":\"SearchAction\",\"target\":{\"@type\":\"EntryPoint\",\"urlTemplate\":\"https:\/\/maisondefrance.de\/?s={search_term_string}\"},\"query-input\":{\"@type\":\"PropertyValueSpecification\",\"valueRequired\":true,\"valueName\":\"search_term_string\"}}],\"inLanguage\":\"fr-FR\"},{\"@type\":\"Organization\",\"@id\":\"https:\/\/maisondefrance.de\/#organization\",\"name\":\"Freundeskreis des MAISON DE FRANCE e.V.\",\"url\":\"https:\/\/maisondefrance.de\/\",\"logo\":{\"@type\":\"ImageObject\",\"inLanguage\":\"fr-FR\",\"@id\":\"https:\/\/maisondefrance.de\/#\/schema\/logo\/image\/\",\"url\":\"https:\/\/maisondefrance.de\/wp-content\/uploads\/2024\/09\/cropped-image004-2.png\",\"contentUrl\":\"https:\/\/maisondefrance.de\/wp-content\/uploads\/2024\/09\/cropped-image004-2.png\",\"width\":665,\"height\":624,\"caption\":\"Freundeskreis des MAISON DE FRANCE e.V.\"},\"image\":{\"@id\":\"https:\/\/maisondefrance.de\/#\/schema\/logo\/image\/\"}}]}<\/script>\n<!-- \/ Yoast SEO plugin. -->","yoast_head_json":{"title":"Geschichte des Hauses - Freundeskreis des MAISON DE FRANCE e.V.","description":"Seit 70 Jahren erstrahlt das Maison de France auf dem Ku\u2019damm.","robots":{"index":"index","follow":"follow","max-snippet":"max-snippet:-1","max-image-preview":"max-image-preview:large","max-video-preview":"max-video-preview:-1"},"canonical":"https:\/\/maisondefrance.de\/fr\/geschichte-des-hauses\/","og_locale":"fr_FR","og_type":"article","og_title":"Geschichte des Hauses - Freundeskreis des MAISON DE FRANCE e.V.","og_description":"Seit 70 Jahren erstrahlt das Maison de France auf dem Ku\u2019damm.","og_url":"https:\/\/maisondefrance.de\/fr\/geschichte-des-hauses\/","og_site_name":"Freundeskreis des MAISON DE FRANCE e.V.","article_modified_time":"2025-04-07T21:45:25+00:00","og_image":[{"width":600,"height":502,"url":"https:\/\/maisondefrance.de\/wp-content\/uploads\/2025\/04\/75ans_LOGO_FINAL_02_NEU.png","type":"image\/png"}],"twitter_card":"summary_large_image","twitter_misc":{"Dur\u00e9e de lecture estim\u00e9e":"2 minutes"},"schema":{"@context":"https:\/\/schema.org","@graph":[{"@type":"WebPage","@id":"https:\/\/maisondefrance.de\/geschichte-des-hauses\/","url":"https:\/\/maisondefrance.de\/geschichte-des-hauses\/","name":"Geschichte des Hauses - Freundeskreis des MAISON DE FRANCE e.V.","isPartOf":{"@id":"https:\/\/maisondefrance.de\/#website"},"primaryImageOfPage":{"@id":"https:\/\/maisondefrance.de\/geschichte-des-hauses\/#primaryimage"},"image":{"@id":"https:\/\/maisondefrance.de\/geschichte-des-hauses\/#primaryimage"},"thumbnailUrl":"https:\/\/maisondefrance.de\/wp-content\/uploads\/2025\/04\/75ans_LOGO_FINAL_02_NEU.png","datePublished":"2024-02-14T02:04:41+00:00","dateModified":"2025-04-07T21:45:25+00:00","description":"Seit 70 Jahren erstrahlt das Maison de France auf dem Ku\u2019damm.","breadcrumb":{"@id":"https:\/\/maisondefrance.de\/geschichte-des-hauses\/#breadcrumb"},"inLanguage":"fr-FR","potentialAction":[{"@type":"ReadAction","target":["https:\/\/maisondefrance.de\/geschichte-des-hauses\/"]}]},{"@type":"ImageObject","inLanguage":"fr-FR","@id":"https:\/\/maisondefrance.de\/geschichte-des-hauses\/#primaryimage","url":"https:\/\/maisondefrance.de\/wp-content\/uploads\/2025\/04\/75ans_LOGO_FINAL_02_NEU.png","contentUrl":"https:\/\/maisondefrance.de\/wp-content\/uploads\/2025\/04\/75ans_LOGO_FINAL_02_NEU.png"},{"@type":"BreadcrumbList","@id":"https:\/\/maisondefrance.de\/geschichte-des-hauses\/#breadcrumb","itemListElement":[{"@type":"ListItem","position":1,"name":"Startseite","item":"https:\/\/maisondefrance.de\/"},{"@type":"ListItem","position":2,"name":"Geschichte des Hauses"}]},{"@type":"WebSite","@id":"https:\/\/maisondefrance.de\/#website","url":"https:\/\/maisondefrance.de\/","name":"Freundeskreis des MAISON DE FRANCE e.V.","description":"Deutsch-Franz\u00f6sischer Kulturverein","publisher":{"@id":"https:\/\/maisondefrance.de\/#organization"},"potentialAction":[{"@type":"SearchAction","target":{"@type":"EntryPoint","urlTemplate":"https:\/\/maisondefrance.de\/?s={search_term_string}"},"query-input":{"@type":"PropertyValueSpecification","valueRequired":true,"valueName":"search_term_string"}}],"inLanguage":"fr-FR"},{"@type":"Organization","@id":"https:\/\/maisondefrance.de\/#organization","name":"Freundeskreis des MAISON DE FRANCE e.V.","url":"https:\/\/maisondefrance.de\/","logo":{"@type":"ImageObject","inLanguage":"fr-FR","@id":"https:\/\/maisondefrance.de\/#\/schema\/logo\/image\/","url":"https:\/\/maisondefrance.de\/wp-content\/uploads\/2024\/09\/cropped-image004-2.png","contentUrl":"https:\/\/maisondefrance.de\/wp-content\/uploads\/2024\/09\/cropped-image004-2.png","width":665,"height":624,"caption":"Freundeskreis des MAISON DE FRANCE e.V."},"image":{"@id":"https:\/\/maisondefrance.de\/#\/schema\/logo\/image\/"}}]}},"_links":{"self":[{"href":"https:\/\/maisondefrance.de\/fr\/wp-json\/wp\/v2\/pages\/1538","targetHints":{"allow":["GET"]}}],"collection":[{"href":"https:\/\/maisondefrance.de\/fr\/wp-json\/wp\/v2\/pages"}],"about":[{"href":"https:\/\/maisondefrance.de\/fr\/wp-json\/wp\/v2\/types\/page"}],"author":[{"embeddable":true,"href":"https:\/\/maisondefrance.de\/fr\/wp-json\/wp\/v2\/users\/1"}],"replies":[{"embeddable":true,"href":"https:\/\/maisondefrance.de\/fr\/wp-json\/wp\/v2\/comments?post=1538"}],"version-history":[{"count":9,"href":"https:\/\/maisondefrance.de\/fr\/wp-json\/wp\/v2\/pages\/1538\/revisions"}],"predecessor-version":[{"id":2153,"href":"https:\/\/maisondefrance.de\/fr\/wp-json\/wp\/v2\/pages\/1538\/revisions\/2153"}],"wp:attachment":[{"href":"https:\/\/maisondefrance.de\/fr\/wp-json\/wp\/v2\/media?parent=1538"}],"curies":[{"name":"wp","href":"https:\/\/api.w.org\/{rel}","templated":true}]}}